{"id":185,"date":"2023-06-09T16:48:29","date_gmt":"2023-06-09T16:48:29","guid":{"rendered":"https:\/\/www.sadalone.org\/2023\/?page_id=185"},"modified":"2023-07-12T18:43:11","modified_gmt":"2023-07-12T18:43:11","slug":"un-docente-y-otros-textos-sobre-educacion-2020","status":"publish","type":"page","link":"https:\/\/www.sadalone.org\/2023\/publicaciones\/un-docente-y-otros-textos-sobre-educacion-2020\/","title":{"rendered":"Un docente y otros textos sobre educaci\u00f3n (2020)"},"content":{"rendered":"<ul>\n<li><strong><span style=\"font-family: 'trebuchet ms', geneva, sans-serif; font-size: 16px;\">Un docente y otros textos sobre educaci\u00f3n (2020)<\/span><\/strong><\/li>\n<li><span style=\"font-family: 'trebuchet ms', geneva, sans-serif; font-size: 16px;\">Primera edici\u00f3n: mayo, 2020<\/span><\/li>\n<li><span style=\"font-family: 'trebuchet ms', geneva, sans-serif; font-size: 16px;\">ISBN: 978-84-17890-75-9 \/ Dep\u00f3sito Legal: GC 140-2020<\/span><\/li>\n<li><span style=\"font-family: 'trebuchet ms', geneva, sans-serif; font-size: 16px;\">Mercurio Editorial \/ Biblioteca de Textos Sadal\u00f3nicos, n.\u00ba 3<\/span><\/li>\n<li><span style=\"font-family: 'trebuchet ms', geneva, sans-serif; font-size: 16px;\">Bibliotecas: <a href=\"https:\/\/accedacris.ulpgc.es\/handle\/10553\/72761\" target=\"_blank\" rel=\"noopener\">AccedaCRIS-ULPGC.ES<\/a>.<\/span><\/li>\n<\/ul>\n<p><img loading=\"lazy\" decoding=\"async\" class=\"alignnone size-full wp-image-257 aligncenter\" src=\"https:\/\/www.sadalone.org\/2023\/wp-content\/uploads\/2023\/06\/vsantanasanjurjo_Un-docente_blog.png\" alt=\"\" width=\"300\" height=\"447\" srcset=\"https:\/\/www.sadalone.org\/2023\/wp-content\/uploads\/2023\/06\/vsantanasanjurjo_Un-docente_blog.png 300w, https:\/\/www.sadalone.org\/2023\/wp-content\/uploads\/2023\/06\/vsantanasanjurjo_Un-docente_blog-201x300.png 201w\" sizes=\"auto, (max-width: 300px) 100vw, 300px\" \/><\/p>\n<hr style=\"background-color: #000000;\" \/>\n<p style=\"text-align: justify;\"><span style=\"font-family: 'trebuchet ms', geneva, sans-serif; font-size: 16px;\">El volumen est\u00e1 compuesto por un relato (\u00abUn docente\u00bb) y veintisiete art\u00edculos. Todas las piezas giran en torno a la educaci\u00f3n y abordan cuestiones tales como: la funci\u00f3n del profesorado, el lenguaje inclusivo, la noci\u00f3n de calidad educativa, la repetici\u00f3n de curso, el absentismo escolar, la influencia de la sociedad en la escuela, las nuevas tecnolog\u00edas, metodolog\u00eda docente, la estructura del sistema educativo, la ense\u00f1anza de idiomas, etc.<\/span><\/p>\n<p style=\"text-align: justify;\"><span style=\"font-family: 'trebuchet ms', geneva, sans-serif; font-size: 16px;\">El texto principal del libro se titula\u00a0<span style=\"color: #800000;\"><strong><em><a style=\"color: #800000;\" href=\"https:\/\/soltadas.sadalone.org\/libros\/un-docente-y-otros-textos-sobre-educacion-2020\/un-docente\/\" target=\"_blank\" rel=\"noopener noreferrer\">Un docente<\/a><\/em><\/strong><\/span>\u00a0y pueden leerlo, adem\u00e1s de en el fichero adjunto, en este enlace a mi blog [<span style=\"text-decoration: underline;\"><a href=\"https:\/\/soltadas.sadalone.org\/libros\/un-docente-y-otros-textos-sobre-educacion-2020\/un-docente\/\" target=\"_blank\" rel=\"noopener noreferrer\">ver<\/a><\/span>].<\/span><\/p>\n<p style=\"text-align: justify;\"><span style=\"font-family: 'trebuchet ms', geneva, sans-serif; font-size: 16px;\">El \u00edndice del apartado \u00abOtros textos sobre educacion\u00bb es este:<\/span><\/p>\n<p style=\"padding-left: 30px;\"><span style=\"font-family: 'trebuchet ms', geneva, sans-serif; font-size: 16px;\"><strong>I.\u00a0<span style=\"color: #800000;\"><em>Teor\u00eda vs. pr\u00e1ctica vs. experiencia<\/em><\/span><\/strong>\u00a0[<span style=\"text-decoration: underline;\"><a href=\"https:\/\/soltadas.sadalone.org\/libros\/un-docente-y-otros-textos-sobre-educacion-2020\/teoria-vs-practica-vs-experiencia\/\" target=\"_blank\" rel=\"noopener noreferrer\">ver<\/a><\/span>]<\/span><br \/>\n<span style=\"font-family: 'trebuchet ms', geneva, sans-serif; font-size: 16px;\"><strong>II<\/strong>.\u00a0<span style=\"color: #800000;\"><em><strong>Renovaci\u00f3n\u00a0<\/strong><\/em><\/span>[<a href=\"https:\/\/soltadas.sadalone.org\/libros\/un-docente-y-otros-textos-sobre-educacion-2020\/renovacion\/\" target=\"_blank\" rel=\"noopener noreferrer\">ver<\/a>]<\/span><br \/>\n<span style=\"font-family: 'trebuchet ms', geneva, sans-serif; font-size: 16px;\"><strong>III<\/strong>.\u00a0<span style=\"color: #800000;\"><em><strong>17|inercia|18<\/strong><\/em><\/span>\u00a0<span style=\"color: #800000;\"><em><strong>\u00a0<\/strong><\/em><\/span>[<a href=\"https:\/\/soltadas.sadalone.org\/libros\/un-docente-y-otros-textos-sobre-educacion-2020\/17inercia18\/\" target=\"_blank\" rel=\"noopener noreferrer\">ver<\/a>]<\/span><br \/>\n<span style=\"font-family: 'trebuchet ms', geneva, sans-serif; font-size: 16px;\"><strong>IV<\/strong>.\u00a0<span style=\"color: #800000;\"><em><strong>Sobre lenguaje inclusivo<\/strong><\/em><\/span>\u00a0<span style=\"color: #800000;\"><em><strong>\u00a0<\/strong><\/em><\/span>[<a href=\"https:\/\/soltadas.sadalone.org\/libros\/un-docente-y-otros-textos-sobre-educacion-2020\/sobre-lenguaje-inclusivo\/\" target=\"_blank\" rel=\"noopener noreferrer\">ver<\/a>]<\/span><br \/>\n<span style=\"font-family: 'trebuchet ms', geneva, sans-serif; font-size: 16px;\"><strong>V<\/strong>.\u00a0<span style=\"color: #800000;\"><em><strong>No a \u00abse\u00f1orita\u00bb<\/strong><\/em><\/span>\u00a0[<a href=\"https:\/\/soltadas.sadalone.org\/libros\/un-docente-y-otros-textos-sobre-educacion-2020\/no-a-senorita\/\" target=\"_blank\" rel=\"noopener noreferrer\">ver<\/a>]<\/span><br \/>\n<span style=\"font-family: 'trebuchet ms', geneva, sans-serif; font-size: 16px;\"><strong>VI<\/strong>.\u00a0<strong><em><span style=\"color: #800000;\">Cantidad, \u00bfcalidad?<\/span><\/em><\/strong>\u00a0[<a href=\"https:\/\/soltadas.sadalone.org\/libros\/un-docente-y-otros-textos-sobre-educacion-2020\/cantidad-calidad\/\" target=\"_blank\" rel=\"noopener noreferrer\">ver<\/a>]<\/span><br \/>\n<span style=\"font-family: 'trebuchet ms', geneva, sans-serif; font-size: 16px;\">VII. Aurea mediocritas<\/span><br \/>\n<span style=\"font-family: 'trebuchet ms', geneva, sans-serif; font-size: 16px;\">VIII. Deontolog\u00eda del juzgador<\/span><br \/>\n<span style=\"font-family: 'trebuchet ms', geneva, sans-serif; font-size: 16px;\">IX. C\u00f3mo a nuestro parecer cualquier tiempo pasado<\/span><br \/>\n<span style=\"font-family: 'trebuchet ms', geneva, sans-serif; font-size: 16px;\">X. Por v\u00e1lido lo que no hubo<\/span><br \/>\n<span style=\"font-family: 'trebuchet ms', geneva, sans-serif; font-size: 16px;\">XI. Segundas oportunidades<\/span><br \/>\n<span style=\"font-family: 'trebuchet ms', geneva, sans-serif; font-size: 16px;\">XII. Sobre la repetici\u00f3n de curso<\/span><br \/>\n<span style=\"font-family: 'trebuchet ms', geneva, sans-serif; font-size: 16px;\">XIII. Multa por absentismo<\/span><br \/>\n<span style=\"font-family: 'trebuchet ms', geneva, sans-serif; font-size: 16px;\">XIV. \u00abEl rey est\u00e1 desnudo\u00bb<\/span><br \/>\n<span style=\"font-family: 'trebuchet ms', geneva, sans-serif; font-size: 16px;\">XV. Mayonesa para el pescado<\/span><br \/>\n<span style=\"font-family: 'trebuchet ms', geneva, sans-serif; font-size: 16px;\">XVI. Profesionales para la escuela<\/span><br \/>\n<span style=\"font-family: 'trebuchet ms', geneva, sans-serif; font-size: 16px;\">XVII. La cantera<\/span><br \/>\n<span style=\"font-family: 'trebuchet ms', geneva, sans-serif; font-size: 16px;\">XVIII. Responsabilidad ling\u00fc\u00edstica compartida<\/span><br \/>\n<span style=\"font-family: 'trebuchet ms', geneva, sans-serif; font-size: 16px;\">XIX. Las intermitencias del suspenso<\/span><br \/>\n<span style=\"font-family: 'trebuchet ms', geneva, sans-serif; font-size: 16px;\">XX. Huecas huelgas<\/span><br \/>\n<span style=\"font-family: 'trebuchet ms', geneva, sans-serif; font-size: 16px;\">XXI. Sobre idiomas. Imposici\u00f3n vs. elecci\u00f3n<\/span><br \/>\n<span style=\"font-family: 'trebuchet ms', geneva, sans-serif; font-size: 16px;\">XXII. 6+4 vs. 10<\/span><br \/>\n<span style=\"font-family: 'trebuchet ms', geneva, sans-serif; font-size: 16px;\">XXIII. Si algo cambia, quiz\u00e1s todo cambie<\/span><br \/>\n<span style=\"font-family: 'trebuchet ms', geneva, sans-serif; font-size: 16px;\">XXIV. TIC cataplaf<\/span><br \/>\n<span style=\"font-family: 'trebuchet ms', geneva, sans-serif; font-size: 16px;\"><strong>XXV.\u00a0<span style=\"color: #800000;\"><em>Pro traductores<\/em><\/span><\/strong>. [<span style=\"text-decoration: underline;\"><a href=\"https:\/\/soltadas.sadalone.org\/articulos\/una-leccion-incompleta-pro-traductores\/\" target=\"_blank\" rel=\"noopener noreferrer\">ver<\/a><\/span>]<\/span><br \/>\n<span style=\"font-family: 'trebuchet ms', geneva, sans-serif; font-size: 16px;\">XXVI. Docentes p\u00fablicos, ciudadanos privados-concertados<\/span><br \/>\n<span style=\"font-family: 'trebuchet ms', geneva, sans-serif; font-size: 16px;\"><strong>XXVII<\/strong>.\u00a0<span style=\"color: #800000;\"><strong><em>Un docente. Reload&#8230;<\/em><\/strong><\/span>\u00a0[<a href=\"https:\/\/soltadas.sadalone.org\/libros\/un-docente-y-otros-textos-sobre-educacion-2020\/un-docente-reload\/\" target=\"_blank\" rel=\"noopener noreferrer\">ver<\/a>]<\/span><\/p>\n<hr style=\"background-color: #000000;\" \/>\n<p style=\"text-align: center;\"><strong>\u00abPocas profesiones exigen tanta vocaci\u00f3n como la docencia\u00bb<\/strong><\/p>\n<p style=\"text-align: center;\">Entrevista realizada por Nora Navarro <br \/>\ny publicada en La Provincia el lunes 15 de junio de 2020.<\/p>\n<p style=\"text-align: center;\"><a href=\"https:\/\/www.laprovincia.es\/cultura\/2020\/06\/14\/profesiones-exigen-vocacion-docencia-8191670.html\">https:\/\/www.laprovincia.es\/cultura\/2020\/06\/15\/profesiones-exigen-vocacion-docencia\/1291643.html<\/a><\/p>\n<p><a href=\"https:\/\/www.sadalone.org\/2023\/wp-content\/uploads\/2023\/07\/2020-06-15_entrevista_La-Provincia_2.jpg\" target=\"_blank\" rel=\"noopener\"><img loading=\"lazy\" decoding=\"async\" class=\"aligncenter wp-image-413 size-full\" src=\"https:\/\/www.sadalone.org\/2023\/wp-content\/uploads\/2023\/07\/2020-06-15_entrevista_La-Provincia_2.jpg\" alt=\"\" width=\"1568\" height=\"2181\" srcset=\"https:\/\/www.sadalone.org\/2023\/wp-content\/uploads\/2023\/07\/2020-06-15_entrevista_La-Provincia_2.jpg 1568w, https:\/\/www.sadalone.org\/2023\/wp-content\/uploads\/2023\/07\/2020-06-15_entrevista_La-Provincia_2-216x300.jpg 216w, https:\/\/www.sadalone.org\/2023\/wp-content\/uploads\/2023\/07\/2020-06-15_entrevista_La-Provincia_2-736x1024.jpg 736w, https:\/\/www.sadalone.org\/2023\/wp-content\/uploads\/2023\/07\/2020-06-15_entrevista_La-Provincia_2-768x1068.jpg 768w, https:\/\/www.sadalone.org\/2023\/wp-content\/uploads\/2023\/07\/2020-06-15_entrevista_La-Provincia_2-1104x1536.jpg 1104w, https:\/\/www.sadalone.org\/2023\/wp-content\/uploads\/2023\/07\/2020-06-15_entrevista_La-Provincia_2-1472x2048.jpg 1472w, https:\/\/www.sadalone.org\/2023\/wp-content\/uploads\/2023\/07\/2020-06-15_entrevista_La-Provincia_2-624x868.jpg 624w\" sizes=\"auto, (max-width: 1568px) 100vw, 1568px\" \/><\/a><\/p>\n","protected":false},"excerpt":{"rendered":"<p>Un docente y otros textos sobre educaci\u00f3n (2020) Primera edici\u00f3n: mayo, 2020 ISBN: 978-84-17890-75-9 \/ Dep\u00f3sito Legal: GC 140-2020 Mercurio Editorial \/ Biblioteca de Textos Sadal\u00f3nicos, n.\u00ba 3 Bibliotecas: AccedaCRIS-ULPGC.ES. [&hellip;]<\/p>\n","protected":false},"author":1,"featured_media":0,"parent":86,"menu_order":0,"comment_status":"closed","ping_status":"closed","template":"","meta":{"_crdt_document":"","footnotes":""},"class_list":["post-185","page","type-page","status-publish","hentry"],"jetpack_sharing_enabled":true,"_links":{"self":[{"href":"https:\/\/www.sadalone.org\/2023\/wp-json\/wp\/v2\/pages\/185","targetHints":{"allow":["GET"]}}],"collection":[{"href":"https:\/\/www.sadalone.org\/2023\/wp-json\/wp\/v2\/pages"}],"about":[{"href":"https:\/\/www.sadalone.org\/2023\/wp-json\/wp\/v2\/types\/page"}],"author":[{"embeddable":true,"href":"https:\/\/www.sadalone.org\/2023\/wp-json\/wp\/v2\/users\/1"}],"replies":[{"embeddable":true,"href":"https:\/\/www.sadalone.org\/2023\/wp-json\/wp\/v2\/comments?post=185"}],"version-history":[{"count":6,"href":"https:\/\/www.sadalone.org\/2023\/wp-json\/wp\/v2\/pages\/185\/revisions"}],"predecessor-version":[{"id":436,"href":"https:\/\/www.sadalone.org\/2023\/wp-json\/wp\/v2\/pages\/185\/revisions\/436"}],"up":[{"embeddable":true,"href":"https:\/\/www.sadalone.org\/2023\/wp-json\/wp\/v2\/pages\/86"}],"wp:attachment":[{"href":"https:\/\/www.sadalone.org\/2023\/wp-json\/wp\/v2\/media?parent=185"}],"curies":[{"name":"wp","href":"https:\/\/api.w.org\/{rel}","templated":true}]}}