{"id":187,"date":"2023-06-09T16:50:38","date_gmt":"2023-06-09T16:50:38","guid":{"rendered":"https:\/\/www.sadalone.org\/2023\/?page_id=187"},"modified":"2023-07-12T18:41:13","modified_gmt":"2023-07-12T18:41:13","slug":"los-cuartos-y-los-finales-2019","status":"publish","type":"page","link":"https:\/\/www.sadalone.org\/2023\/publicaciones\/los-cuartos-y-los-finales-2019\/","title":{"rendered":"Los cuartos y los finales (2019)"},"content":{"rendered":"<ul>\n<li><strong><span style=\"font-family: 'trebuchet ms', geneva, sans-serif; font-size: 16px;\">Los cuartos y los finales<\/span><\/strong><\/li>\n<li><span style=\"font-family: 'trebuchet ms', geneva, sans-serif; font-size: 16px;\">Primera edici\u00f3n: septiembre, 2019<\/span><\/li>\n<li><span style=\"font-family: 'trebuchet ms', geneva, sans-serif; font-size: 16px;\">ISBN: 978-84-17890-40-7 \/ Dep\u00f3sito Legal: GC 549-2019<\/span><\/li>\n<li><span style=\"font-family: 'trebuchet ms', geneva, sans-serif; font-size: 16px;\">Mercurio Editorial<\/span><\/li>\n<li><span style=\"font-family: 'trebuchet ms', geneva, sans-serif; font-size: 16px;\">Biblioteca: <a href=\"https:\/\/accedacris.ulpgc.es\/handle\/10553\/56946\" target=\"_blank\" rel=\"noopener\">AccedaCRIS-ULPGC.ES<\/a>.<\/span><\/li>\n<\/ul>\n<p><img loading=\"lazy\" decoding=\"async\" class=\"alignnone size-full wp-image-258 aligncenter\" src=\"https:\/\/www.sadalone.org\/2023\/wp-content\/uploads\/2023\/06\/vsantanasanjurjo_los-cuartos-y-los-finales.png\" alt=\"\" width=\"300\" height=\"447\" srcset=\"https:\/\/www.sadalone.org\/2023\/wp-content\/uploads\/2023\/06\/vsantanasanjurjo_los-cuartos-y-los-finales.png 300w, https:\/\/www.sadalone.org\/2023\/wp-content\/uploads\/2023\/06\/vsantanasanjurjo_los-cuartos-y-los-finales-201x300.png 201w\" sizes=\"auto, (max-width: 300px) 100vw, 300px\" \/><\/p>\n<hr style=\"background-color: #000000;\" \/>\n<p style=\"text-align: justify;\"><span style=\"font-family: 'trebuchet ms', geneva, sans-serif; font-size: 16px;\"><i>Los cuartos y los finales<\/i>\u00a0es una obra literaria que se asienta principalmente sobre dos g\u00e9neros (el dram\u00e1tico y el ensay\u00edstico), aunque no sea de manera estricta, pues el texto teatral atesora muchas caracter\u00edsticas propias del narrativo; y el ensay\u00edstico, del teatral. Es, por tanto, como producto literario, una obra h\u00edbrida; y como producto cultural, una obra de m\u00faltiples lenguajes, pues al ling\u00fc\u00edstico cabe a\u00f1adir principalmente la influencia del musical.<\/span><\/p>\n<p><span style=\"font-family: 'trebuchet ms', geneva, sans-serif; font-size: 16px;\">La primera parte,\u00a0<b>Los cuartos<\/b>, es un mon\u00f3logo teatral inspirado en los siete primeros cap\u00edtulos de\u00a0<i>Cien a\u00f1os de soledad<\/i>\u00a0de Gabriel Garc\u00eda M\u00e1rquez (1967) que toma al personaje de Jos\u00e9 Arcadio Buend\u00eda como protagonista absoluto del texto.<\/span><\/p>\n<p><span style=\"font-family: 'trebuchet ms', geneva, sans-serif; font-size: 16px;\">A partir del pasaje conocido como \u00abel sue\u00f1o de los cuartos infinitos\u00bb, reconocido como una de las mejores piezas de la novela del colombiano, el autor plantea un recorrido a trav\u00e9s de sentimientos tan encontrados como la nostalgia, el arrepentimiento, la ira, la esperanza, el cari\u00f1o, el desenga\u00f1o\u2026 que se hallan presentes en la relaci\u00f3n que el patriarca de los Buend\u00eda ha mantenido con los diferentes personajes que han ido apareciendo en la novela a lo largo de los siete cap\u00edtulos iniciales.<\/span><\/p>\n<p><span style=\"font-family: 'trebuchet ms', geneva, sans-serif; font-size: 16px;\">La segunda parte del libro,\u00a0<b>Los finales<\/b>, es un ensayo que toma como referencia principal la muerte, que es analizada y asumida desde la perspectiva del autor. Es la muerte del autor, descrita como un proceso hasta cierto punto teatral, que entronca con la visi\u00f3n calderoniana de la vida como una representaci\u00f3n, la que fluye en las p\u00e1ginas aportando una visi\u00f3n personal del fen\u00f3meno y, al mismo tiempo, universal, pues nada de lo que reflejan Los finales es ajeno a cualquiera de nosotros.<\/span><\/p>\n<hr style=\"background-color: #000000;\" \/>\n<p><div><iframe loading=\"lazy\" class=\"embed-pdf-viewer\" src=\"https:\/\/www.sadalone.org\/2023\/biblioteca\/vsantanasanjurjo_los-cuartos-y-los-finales.pdf\" height=\"938\" width=\"100%\" title=\"Vsantanasanjurjo Los Cuartos Y Los Finales\"><\/iframe><\/p>\n<p><a href=\"https:\/\/www.sadalone.org\/2023\/biblioteca\/vsantanasanjurjo_los-cuartos-y-los-finales.pdf\" title=\"Vsantanasanjurjo Los Cuartos Y Los Finales\">Vsantanasanjurjo Los Cuartos Y Los Finales<\/a><\/p>\n<\/div>\n","protected":false},"excerpt":{"rendered":"<p>Los cuartos y los finales Primera edici\u00f3n: septiembre, 2019 ISBN: 978-84-17890-40-7 \/ Dep\u00f3sito Legal: GC 549-2019 Mercurio Editorial Biblioteca: AccedaCRIS-ULPGC.ES. Los cuartos y los finales\u00a0es una obra literaria que se [&hellip;]<\/p>\n","protected":false},"author":1,"featured_media":0,"parent":86,"menu_order":0,"comment_status":"closed","ping_status":"closed","template":"","meta":{"_crdt_document":"","footnotes":""},"class_list":["post-187","page","type-page","status-publish","hentry"],"jetpack_sharing_enabled":true,"_links":{"self":[{"href":"https:\/\/www.sadalone.org\/2023\/wp-json\/wp\/v2\/pages\/187","targetHints":{"allow":["GET"]}}],"collection":[{"href":"https:\/\/www.sadalone.org\/2023\/wp-json\/wp\/v2\/pages"}],"about":[{"href":"https:\/\/www.sadalone.org\/2023\/wp-json\/wp\/v2\/types\/page"}],"author":[{"embeddable":true,"href":"https:\/\/www.sadalone.org\/2023\/wp-json\/wp\/v2\/users\/1"}],"replies":[{"embeddable":true,"href":"https:\/\/www.sadalone.org\/2023\/wp-json\/wp\/v2\/comments?post=187"}],"version-history":[{"count":10,"href":"https:\/\/www.sadalone.org\/2023\/wp-json\/wp\/v2\/pages\/187\/revisions"}],"predecessor-version":[{"id":432,"href":"https:\/\/www.sadalone.org\/2023\/wp-json\/wp\/v2\/pages\/187\/revisions\/432"}],"up":[{"embeddable":true,"href":"https:\/\/www.sadalone.org\/2023\/wp-json\/wp\/v2\/pages\/86"}],"wp:attachment":[{"href":"https:\/\/www.sadalone.org\/2023\/wp-json\/wp\/v2\/media?parent=187"}],"curies":[{"name":"wp","href":"https:\/\/api.w.org\/{rel}","templated":true}]}}