{"id":189,"date":"2023-06-09T16:51:19","date_gmt":"2023-06-09T16:51:19","guid":{"rendered":"https:\/\/www.sadalone.org\/2023\/?page_id=189"},"modified":"2023-07-12T18:41:46","modified_gmt":"2023-07-12T18:41:46","slug":"prontuario-a-una-vision-cervantina-de-la-mujer-2017","status":"publish","type":"page","link":"https:\/\/www.sadalone.org\/2023\/publicaciones\/prontuario-a-una-vision-cervantina-de-la-mujer-2017\/","title":{"rendered":"Prontuario a una visi\u00f3n cervantina de la mujer (2017)"},"content":{"rendered":"<ul>\n<li><strong><span style=\"font-family: 'trebuchet ms', geneva, sans-serif; font-size: 16px;\">Prontuario a una visi\u00f3n cervantina de la mujer<\/span><\/strong><\/li>\n<li><span style=\"font-family: 'trebuchet ms', geneva, sans-serif; font-size: 16px;\">Primera edici\u00f3n: marzo, 2017<\/span><\/li>\n<li><span style=\"font-family: 'trebuchet ms', geneva, sans-serif; font-size: 16px;\">ISBN: 978-84-946761-0-9 \/ Dep\u00f3sito Legal: GC 101-2017<\/span><\/li>\n<li><span style=\"font-family: 'trebuchet ms', geneva, sans-serif; font-size: 16px;\">Mercurio Editorial \/ Biblioteca de Textos Sadal\u00f3nicos, n.\u00ba 3<\/span><\/li>\n<li><span style=\"font-family: 'trebuchet ms', geneva, sans-serif; font-size: 16px;\">Bibliotecas: <a href=\"https:\/\/accedacris.ulpgc.es\/handle\/10553\/52649\" target=\"_blank\" rel=\"noopener\">AccedaCRIS-ULPGC.ES<\/a>.<\/span><\/li>\n<\/ul>\n<p><img loading=\"lazy\" decoding=\"async\" class=\"alignnone size-full wp-image-425 aligncenter\" src=\"https:\/\/www.sadalone.org\/2023\/wp-content\/uploads\/2023\/07\/prontuario-vision-cervantina-mujer.png\" alt=\"\" width=\"300\" height=\"447\" srcset=\"https:\/\/www.sadalone.org\/2023\/wp-content\/uploads\/2023\/07\/prontuario-vision-cervantina-mujer.png 300w, https:\/\/www.sadalone.org\/2023\/wp-content\/uploads\/2023\/07\/prontuario-vision-cervantina-mujer-201x300.png 201w\" sizes=\"auto, (max-width: 300px) 100vw, 300px\" \/><\/p>\n<hr style=\"background-color: #000000;\" \/>\n<p align=\"justify\"><span style=\"font-family: 'trebuchet ms', geneva, sans-serif; font-size: 16px;\">A la hora de analizar la cosmovisi\u00f3n de Cervantes y c\u00f3mo esta se plasma en su producci\u00f3n literaria, el tratamiento que el alcala\u00edno hace de sus personajes femeninos merece toda clase de atenciones a tenor de su singularidad. La influencia cultural de su \u00e9poca, presente en muchos rasgos de su obra, no supuso impedimento alguno para que nuestro autor trazase una suerte de tramo particular a la hora de concebir a sus mujeres literarias. El ejemplo m\u00e1ximo de personaje femenino cervantino acorde al pensamiento de su autor es, sin duda alguna, Marcela, la pastora que interviene en la primera parte del\u00a0<i>Quijote<\/i>\u00a0(1605). En el prontuario que nos ocupa, se llega a la fortaleza de Marcela despu\u00e9s de haber analizado sucintamente el tratamiento de las mujeres en los siglos XVI y XVII, y la presencia de mujeres en las obras de Cervantes y, de manera m\u00e1s pormenorizada, en la novela sobre el c\u00e9lebre hidalgo.<\/span><\/p>\n<hr style=\"background-color: #000000;\" \/>\n<p><div><iframe loading=\"lazy\" class=\"embed-pdf-viewer\" src=\"https:\/\/www.sadalone.org\/2023\/biblioteca\/vsantanasanjurjo_prontuario-a-una-vision-cervantina-de-la-mujer.pdf\" height=\"938\" width=\"100%\" title=\"Vsantanasanjurjo Prontuario A Una Vision Cervantina De La Mujer\"><\/iframe><\/p>\n<p><a href=\"https:\/\/www.sadalone.org\/2023\/biblioteca\/vsantanasanjurjo_prontuario-a-una-vision-cervantina-de-la-mujer.pdf\" title=\"Vsantanasanjurjo Prontuario A Una Vision Cervantina De La Mujer\">Vsantanasanjurjo Prontuario A Una Vision Cervantina De La Mujer<\/a><\/p>\n<\/div>\n","protected":false},"excerpt":{"rendered":"<p>Prontuario a una visi\u00f3n cervantina de la mujer Primera edici\u00f3n: marzo, 2017 ISBN: 978-84-946761-0-9 \/ Dep\u00f3sito Legal: GC 101-2017 Mercurio Editorial \/ Biblioteca de Textos Sadal\u00f3nicos, n.\u00ba 3 Bibliotecas: AccedaCRIS-ULPGC.ES. [&hellip;]<\/p>\n","protected":false},"author":1,"featured_media":0,"parent":86,"menu_order":0,"comment_status":"closed","ping_status":"closed","template":"","meta":{"_crdt_document":"","footnotes":""},"class_list":["post-189","page","type-page","status-publish","hentry"],"jetpack_sharing_enabled":true,"_links":{"self":[{"href":"https:\/\/www.sadalone.org\/2023\/wp-json\/wp\/v2\/pages\/189","targetHints":{"allow":["GET"]}}],"collection":[{"href":"https:\/\/www.sadalone.org\/2023\/wp-json\/wp\/v2\/pages"}],"about":[{"href":"https:\/\/www.sadalone.org\/2023\/wp-json\/wp\/v2\/types\/page"}],"author":[{"embeddable":true,"href":"https:\/\/www.sadalone.org\/2023\/wp-json\/wp\/v2\/users\/1"}],"replies":[{"embeddable":true,"href":"https:\/\/www.sadalone.org\/2023\/wp-json\/wp\/v2\/comments?post=189"}],"version-history":[{"count":6,"href":"https:\/\/www.sadalone.org\/2023\/wp-json\/wp\/v2\/pages\/189\/revisions"}],"predecessor-version":[{"id":433,"href":"https:\/\/www.sadalone.org\/2023\/wp-json\/wp\/v2\/pages\/189\/revisions\/433"}],"up":[{"embeddable":true,"href":"https:\/\/www.sadalone.org\/2023\/wp-json\/wp\/v2\/pages\/86"}],"wp:attachment":[{"href":"https:\/\/www.sadalone.org\/2023\/wp-json\/wp\/v2\/media?parent=189"}],"curies":[{"name":"wp","href":"https:\/\/api.w.org\/{rel}","templated":true}]}}