{"id":191,"date":"2023-06-09T16:51:53","date_gmt":"2023-06-09T16:51:53","guid":{"rendered":"https:\/\/www.sadalone.org\/2023\/?page_id=191"},"modified":"2023-07-12T19:08:52","modified_gmt":"2023-07-12T19:08:52","slug":"demonios-cervantinos-bases-para-una-cronobra-de-cervantes-1547-1616-2017","status":"publish","type":"page","link":"https:\/\/www.sadalone.org\/2023\/publicaciones\/demonios-cervantinos-bases-para-una-cronobra-de-cervantes-1547-1616-2017\/","title":{"rendered":"Demonios cervantinos. Bases para una cronobra de Cervantes, 1547-1616 (2017)"},"content":{"rendered":"<ul>\n<li><strong><span style=\"font-family: 'trebuchet ms', geneva, sans-serif; font-size: 16px;\">Demonios cervantinos. Bases para una cronobra de Cervantes, 1547-1616<\/span><\/strong><\/li>\n<li><span style=\"font-family: 'trebuchet ms', geneva, sans-serif; font-size: 16px;\">Primera edici\u00f3n: abril, 2017<\/span><\/li>\n<li><span style=\"font-family: 'trebuchet ms', geneva, sans-serif; font-size: 16px;\">ISBN: 978-84-946761-9-2 \/ Dep\u00f3sito Legal: GC 188-2017<\/span><\/li>\n<li><span style=\"font-family: 'trebuchet ms', geneva, sans-serif; font-size: 16px;\">Bibliotecas: <a href=\"https:\/\/accedacris.ulpgc.es\/handle\/10553\/59985\" target=\"_blank\" rel=\"noopener\">AccedaCRIS-ULPGC.ES<\/a>.<\/span><\/li>\n<\/ul>\n<p><img loading=\"lazy\" decoding=\"async\" class=\"alignnone size-full wp-image-259 aligncenter\" src=\"https:\/\/www.sadalone.org\/2023\/wp-content\/uploads\/2023\/06\/vsantanasanjurjo_demonios-cervantinos.png\" alt=\"\" width=\"300\" height=\"447\" srcset=\"https:\/\/www.sadalone.org\/2023\/wp-content\/uploads\/2023\/06\/vsantanasanjurjo_demonios-cervantinos.png 300w, https:\/\/www.sadalone.org\/2023\/wp-content\/uploads\/2023\/06\/vsantanasanjurjo_demonios-cervantinos-201x300.png 201w\" sizes=\"auto, (max-width: 300px) 100vw, 300px\" \/><\/p>\n<hr style=\"background-color: #000000;\" \/>\n<p align=\"justify\"><span style=\"font-family: 'trebuchet ms', geneva, sans-serif; font-size: 16px;\">\u00abEl Qvixote sin don Quijote desde la perspectiva de los demonios cervantinos\u00bb es la pieza principal de este volumen y la base de la conferencia que se imparti\u00f3 en el Sal\u00f3n de Actos del Edificio de Humanidades de la ULPGC el 22 de abril de 2016 con motivo del D\u00eda del Libro. Otros contenidos del volumen dan cuenta sobre por qu\u00e9 leer a Cervantes, sobre el acto de presentaci\u00f3n de libros cervantinos realizado por don Antonio Cabrera Perera y el autor el 22 de abril de 2016 (justo cuatrocientos a\u00f1os despu\u00e9s de la muerte de Cervantes), sobre el proyecto \u00abcronobra cervantina\u00bb y sobre un evento celebrado en la Casa-Museo Le\u00f3n y Castillo de Telde el 14 de diciembre de 2016 bajo el t\u00edtulo: \u00abDos autores familiares: Shakespeare y Cervantes\u00bb.<\/span><\/p>\n<hr style=\"background-color: #000000;\" \/>\n<p><div><iframe loading=\"lazy\" class=\"embed-pdf-viewer\" src=\"https:\/\/www.sadalone.org\/2023\/biblioteca\/vsantanasanjurjo_demonios-cervantinos_texto.pdf\" height=\"938\" width=\"100%\" title=\"Vsantanasanjurjo Demonios Cervantinos Texto\"><\/iframe><\/p>\n<p><a href=\"https:\/\/www.sadalone.org\/2023\/biblioteca\/vsantanasanjurjo_demonios-cervantinos_texto.pdf\" title=\"Vsantanasanjurjo Demonios Cervantinos Texto\">Vsantanasanjurjo Demonios Cervantinos Texto<\/a><\/p>\n<\/div>\n<hr style=\"background-color: #000000;\" \/>\n<p align=\"center\"><iframe loading=\"lazy\" title=\"YouTube video player\" src=\"https:\/\/www.youtube.com\/embed\/LW2RronirLE\" width=\"560\" height=\"315\" frameborder=\"0\" allowfullscreen=\"allowfullscreen\"><\/iframe><\/p>\n","protected":false},"excerpt":{"rendered":"<p>Demonios cervantinos. Bases para una cronobra de Cervantes, 1547-1616 Primera edici\u00f3n: abril, 2017 ISBN: 978-84-946761-9-2 \/ Dep\u00f3sito Legal: GC 188-2017 Bibliotecas: AccedaCRIS-ULPGC.ES. \u00abEl Qvixote sin don Quijote desde la perspectiva [&hellip;]<\/p>\n","protected":false},"author":1,"featured_media":0,"parent":86,"menu_order":0,"comment_status":"closed","ping_status":"closed","template":"","meta":{"_crdt_document":"","footnotes":""},"class_list":["post-191","page","type-page","status-publish","hentry"],"jetpack_sharing_enabled":true,"_links":{"self":[{"href":"https:\/\/www.sadalone.org\/2023\/wp-json\/wp\/v2\/pages\/191","targetHints":{"allow":["GET"]}}],"collection":[{"href":"https:\/\/www.sadalone.org\/2023\/wp-json\/wp\/v2\/pages"}],"about":[{"href":"https:\/\/www.sadalone.org\/2023\/wp-json\/wp\/v2\/types\/page"}],"author":[{"embeddable":true,"href":"https:\/\/www.sadalone.org\/2023\/wp-json\/wp\/v2\/users\/1"}],"replies":[{"embeddable":true,"href":"https:\/\/www.sadalone.org\/2023\/wp-json\/wp\/v2\/comments?post=191"}],"version-history":[{"count":6,"href":"https:\/\/www.sadalone.org\/2023\/wp-json\/wp\/v2\/pages\/191\/revisions"}],"predecessor-version":[{"id":444,"href":"https:\/\/www.sadalone.org\/2023\/wp-json\/wp\/v2\/pages\/191\/revisions\/444"}],"up":[{"embeddable":true,"href":"https:\/\/www.sadalone.org\/2023\/wp-json\/wp\/v2\/pages\/86"}],"wp:attachment":[{"href":"https:\/\/www.sadalone.org\/2023\/wp-json\/wp\/v2\/media?parent=191"}],"curies":[{"name":"wp","href":"https:\/\/api.w.org\/{rel}","templated":true}]}}