{"id":193,"date":"2023-06-09T16:52:46","date_gmt":"2023-06-09T16:52:46","guid":{"rendered":"https:\/\/www.sadalone.org\/2023\/?page_id=193"},"modified":"2025-05-25T07:16:34","modified_gmt":"2025-05-25T07:16:34","slug":"antologia-escolar-de-la-literatura-canaria-2016","status":"publish","type":"page","link":"https:\/\/www.sadalone.org\/2023\/publicaciones\/antologia-escolar-de-la-literatura-canaria-2016\/","title":{"rendered":"Antolog\u00eda escolar de la literatura canaria (2016)"},"content":{"rendered":"<ul>\n<li><span style=\"font-family: 'trebuchet ms', geneva, sans-serif; font-size: 16px;\"><strong>Antolog\u00eda escolar de la literatura canaria<\/strong> (edici\u00f3n, introducci\u00f3n y notas)<\/span><\/li>\n<li><span style=\"font-family: 'trebuchet ms', geneva, sans-serif; font-size: 16px;\">Primera edici\u00f3n: septiembre, 2016<\/span><\/li>\n<li><span style=\"font-family: 'trebuchet ms', geneva, sans-serif; font-size: 16px;\">ISBN: 978-84-946037-2-3 \/ Dep\u00f3sito Legal: GC 821-2016<\/span><\/li>\n<li><span style=\"font-family: 'trebuchet ms', geneva, sans-serif; font-size: 16px;\">Mercurio Editorial.<\/span><\/li>\n<li><span style=\"font-family: 'trebuchet ms', geneva, sans-serif; font-size: 16px;\">Bibliotecas: <a href=\"https:\/\/accedacris.ulpgc.es\/handle\/10553\/59984\" target=\"_blank\" rel=\"noopener\">AccedaCRIS-ULPGC.ES<\/a>.<\/span><\/li>\n<\/ul>\n<p><img loading=\"lazy\" decoding=\"async\" class=\"alignnone size-full wp-image-260 aligncenter\" src=\"https:\/\/www.sadalone.org\/2023\/wp-content\/uploads\/2023\/06\/vsantanasanjurjo_breve-antologia-escolar_literatura-canaria.png\" alt=\"\" width=\"300\" height=\"447\" srcset=\"https:\/\/www.sadalone.org\/2023\/wp-content\/uploads\/2023\/06\/vsantanasanjurjo_breve-antologia-escolar_literatura-canaria.png 300w, https:\/\/www.sadalone.org\/2023\/wp-content\/uploads\/2023\/06\/vsantanasanjurjo_breve-antologia-escolar_literatura-canaria-201x300.png 201w\" sizes=\"auto, (max-width: 300px) 100vw, 300px\" \/><\/p>\n<hr style=\"background-color: #000000;\" \/>\n<p align=\"justify\"><span style=\"font-family: 'trebuchet ms', geneva, sans-serif; font-size: 16px;\">Siete siglos de textos que, seg\u00fan la perspectiva que adoptemos, muy bien podr\u00edan extenderse y traspasar los m\u00e1rgenes de un milenio; setenta y cinco autores que, seg\u00fan donde pongamos el foco de la escritura, sin problema alguno podr\u00edan alcanzar, entre creadores e investigadores, la centena; ciento setenta y seis piezas \u00fanicas que, vistas con la debida proyecci\u00f3n, podr\u00edan ascender a doscientas. Estas son las cifras que conforman esta\u00a0<i>Breve Antolog\u00eda Escolar de la Literatura Canaria<\/i>\u00a0(BAELC) que nos convoca en esta ocasi\u00f3n y que, reitero una vez m\u00e1s, son tan eximias como escasas. Son los n\u00fameros de un conjunto heterog\u00e9neo en su contenido y muy dispar en las formas, can\u00f3nicas en unas manifestaciones, lib\u00e9rrimas en otras; pero son nuestros guarismos, los que reflejan algo, aquello, que sentimos propio, que nos llama y llamamos, que nos mueve a defender y difundir.<\/span><\/p>\n<hr style=\"background-color: #000000;\" \/>\n<p style=\"text-align: center;\" align=\"justify\"><span style=\"font-family: 'trebuchet ms', geneva, sans-serif; font-size: 16px;\">Ana Sharife: \u00ab<a href=\"https:\/\/tiempodecanarias.com\/la-vuelta-al-mundo-a-traves-de-la-literatura-canaria\" target=\"_blank\" rel=\"noopener\">La vuelta al mundo a trav\u00e9s de la literatura canaria<\/a>\u00ab<\/span><\/p>\n<hr style=\"background-color: #000000;\" \/>\n<p><div><iframe loading=\"lazy\" class=\"embed-pdf-viewer\" src=\"https:\/\/www.sadalone.org\/2023\/biblioteca\/vsantanasanjurjo_introduccion_breve-antologia-escolar-literatura-canaria.pdf\" height=\"938\" width=\"100%\" title=\"Vsantanasanjurjo Introduccion Breve Antologia Escolar Literatura Canaria\"><\/iframe><\/p>\n<p><a href=\"https:\/\/www.sadalone.org\/2023\/biblioteca\/vsantanasanjurjo_introduccion_breve-antologia-escolar-literatura-canaria.pdf\" title=\"Vsantanasanjurjo Introduccion Breve Antologia Escolar Literatura Canaria\">Vsantanasanjurjo Introduccion Breve Antologia Escolar Literatura Canaria<\/a><\/p>\n<\/div>\n<p><div><iframe loading=\"lazy\" class=\"embed-pdf-viewer\" src=\"https:\/\/soltadas.sadalone.org\/BIBLIOTECA\/BAELC-Soltadas_2016-2025_pwd.pdf\" height=\"938\" width=\"100%\" title=\"BAELC Soltadas 2016 2025 Pwd\"><\/iframe><\/p>\n<p><a href=\"https:\/\/soltadas.sadalone.org\/BIBLIOTECA\/BAELC-Soltadas_2016-2025_pwd.pdf\" title=\"BAELC Soltadas 2016 2025 Pwd\">BAELC Soltadas 2016 2025 Pwd<\/a><\/p>\n<\/div>\n","protected":false},"excerpt":{"rendered":"<p>Antolog\u00eda escolar de la literatura canaria (edici\u00f3n, introducci\u00f3n y notas) Primera edici\u00f3n: septiembre, 2016 ISBN: 978-84-946037-2-3 \/ Dep\u00f3sito Legal: GC 821-2016 Mercurio Editorial. Bibliotecas: AccedaCRIS-ULPGC.ES. Siete siglos de textos que, [&hellip;]<\/p>\n","protected":false},"author":1,"featured_media":0,"parent":86,"menu_order":0,"comment_status":"closed","ping_status":"closed","template":"","meta":{"_crdt_document":"","footnotes":""},"class_list":["post-193","page","type-page","status-publish","hentry"],"jetpack_sharing_enabled":true,"_links":{"self":[{"href":"https:\/\/www.sadalone.org\/2023\/wp-json\/wp\/v2\/pages\/193","targetHints":{"allow":["GET"]}}],"collection":[{"href":"https:\/\/www.sadalone.org\/2023\/wp-json\/wp\/v2\/pages"}],"about":[{"href":"https:\/\/www.sadalone.org\/2023\/wp-json\/wp\/v2\/types\/page"}],"author":[{"embeddable":true,"href":"https:\/\/www.sadalone.org\/2023\/wp-json\/wp\/v2\/users\/1"}],"replies":[{"embeddable":true,"href":"https:\/\/www.sadalone.org\/2023\/wp-json\/wp\/v2\/comments?post=193"}],"version-history":[{"count":5,"href":"https:\/\/www.sadalone.org\/2023\/wp-json\/wp\/v2\/pages\/193\/revisions"}],"predecessor-version":[{"id":720,"href":"https:\/\/www.sadalone.org\/2023\/wp-json\/wp\/v2\/pages\/193\/revisions\/720"}],"up":[{"embeddable":true,"href":"https:\/\/www.sadalone.org\/2023\/wp-json\/wp\/v2\/pages\/86"}],"wp:attachment":[{"href":"https:\/\/www.sadalone.org\/2023\/wp-json\/wp\/v2\/media?parent=193"}],"curies":[{"name":"wp","href":"https:\/\/api.w.org\/{rel}","templated":true}]}}