{"id":197,"date":"2023-06-09T16:54:34","date_gmt":"2023-06-09T16:54:34","guid":{"rendered":"https:\/\/www.sadalone.org\/2023\/?page_id=197"},"modified":"2023-07-12T19:18:34","modified_gmt":"2023-07-12T19:18:34","slug":"lazarillo-expres-2015","status":"publish","type":"page","link":"https:\/\/www.sadalone.org\/2023\/publicaciones\/lazarillo-expres-2015\/","title":{"rendered":"Lazarillo&#8230; expr\u00e9s (2015)"},"content":{"rendered":"<ul>\n<li><span style=\"font-family: 'trebuchet ms', geneva, sans-serif; font-size: 16px;\"><strong>Lazarillo&#8230; expr\u00e9s<\/strong> (edici\u00f3n, apuntes y actividades)<\/span><\/li>\n<li><span style=\"font-family: 'trebuchet ms', geneva, sans-serif; font-size: 16px;\">Ilustraciones: Nuria Santana Sanjurjo<\/span><\/li>\n<li><span style=\"font-family: 'trebuchet ms', geneva, sans-serif; font-size: 16px;\">Primera edici\u00f3n: enero, 2015<\/span><\/li>\n<li><span style=\"font-family: 'trebuchet ms', geneva, sans-serif; font-size: 16px;\">ISBN: 978-84-943366-5-2 \/ Dep\u00f3sito Legal: GC 04-2015<\/span><\/li>\n<li><span style=\"font-family: 'trebuchet ms', geneva, sans-serif; font-size: 16px;\">Mercurio Editorial<\/span><\/li>\n<\/ul>\n<p><img loading=\"lazy\" decoding=\"async\" class=\"alignnone size-full wp-image-251 aligncenter\" src=\"https:\/\/www.sadalone.org\/2023\/wp-content\/uploads\/2023\/06\/Lazarillo-expres_cover_1.png\" alt=\"\" width=\"300\" height=\"447\" srcset=\"https:\/\/www.sadalone.org\/2023\/wp-content\/uploads\/2023\/06\/Lazarillo-expres_cover_1.png 300w, https:\/\/www.sadalone.org\/2023\/wp-content\/uploads\/2023\/06\/Lazarillo-expres_cover_1-201x300.png 201w\" sizes=\"auto, (max-width: 300px) 100vw, 300px\" \/><\/p>\n","protected":false},"excerpt":{"rendered":"<p>Lazarillo&#8230; expr\u00e9s (edici\u00f3n, apuntes y actividades) Ilustraciones: Nuria Santana Sanjurjo Primera edici\u00f3n: enero, 2015 ISBN: 978-84-943366-5-2 \/ Dep\u00f3sito Legal: GC 04-2015 Mercurio Editorial<\/p>\n","protected":false},"author":1,"featured_media":0,"parent":86,"menu_order":0,"comment_status":"closed","ping_status":"closed","template":"","meta":{"_crdt_document":"","footnotes":""},"class_list":["post-197","page","type-page","status-publish","hentry"],"jetpack_sharing_enabled":true,"_links":{"self":[{"href":"https:\/\/www.sadalone.org\/2023\/wp-json\/wp\/v2\/pages\/197","targetHints":{"allow":["GET"]}}],"collection":[{"href":"https:\/\/www.sadalone.org\/2023\/wp-json\/wp\/v2\/pages"}],"about":[{"href":"https:\/\/www.sadalone.org\/2023\/wp-json\/wp\/v2\/types\/page"}],"author":[{"embeddable":true,"href":"https:\/\/www.sadalone.org\/2023\/wp-json\/wp\/v2\/users\/1"}],"replies":[{"embeddable":true,"href":"https:\/\/www.sadalone.org\/2023\/wp-json\/wp\/v2\/comments?post=197"}],"version-history":[{"count":3,"href":"https:\/\/www.sadalone.org\/2023\/wp-json\/wp\/v2\/pages\/197\/revisions"}],"predecessor-version":[{"id":447,"href":"https:\/\/www.sadalone.org\/2023\/wp-json\/wp\/v2\/pages\/197\/revisions\/447"}],"up":[{"embeddable":true,"href":"https:\/\/www.sadalone.org\/2023\/wp-json\/wp\/v2\/pages\/86"}],"wp:attachment":[{"href":"https:\/\/www.sadalone.org\/2023\/wp-json\/wp\/v2\/media?parent=197"}],"curies":[{"name":"wp","href":"https:\/\/api.w.org\/{rel}","templated":true}]}}