{"id":201,"date":"2023-06-09T16:55:40","date_gmt":"2023-06-09T16:55:40","guid":{"rendered":"https:\/\/www.sadalone.org\/2023\/?page_id=201"},"modified":"2023-07-12T19:51:28","modified_gmt":"2023-07-12T19:51:28","slug":"el-quijote-1605-tuneado-2013","status":"publish","type":"page","link":"https:\/\/www.sadalone.org\/2023\/publicaciones\/el-quijote-1605-tuneado-2013\/","title":{"rendered":"El Quijote [1605] tuneado (2013)"},"content":{"rendered":"<ul>\n<li><span style=\"font-family: 'trebuchet ms', geneva, sans-serif; font-size: 16px;\"><strong>El Quijote (1605) tuneado<\/strong> (adaptaci\u00f3n, introducci\u00f3n, complementos y actividades)<\/span><\/li>\n<li><span style=\"font-family: 'trebuchet ms', geneva, sans-serif; font-size: 16px;\">Ilustraciones: Nuria Santana Sanjurjo<\/span><\/li>\n<li><span style=\"font-family: 'trebuchet ms', geneva, sans-serif; font-size: 16px;\">Primera edici\u00f3n: marzo, 2013<\/span><\/li>\n<li><span style=\"font-family: 'trebuchet ms', geneva, sans-serif; font-size: 16px;\">ISBN: 978-84-15148-50-0 \/ Dep\u00f3sito Legal: GC 436-2013<\/span><\/li>\n<li><span style=\"font-family: 'trebuchet ms', geneva, sans-serif; font-size: 16px;\">Mercurio Editorial \/ Biblioteca de Cl\u00e1sicos Adaptados, n.\u00ba 1<\/span><\/li>\n<li><span style=\"font-family: 'trebuchet ms', geneva, sans-serif; font-size: 16px;\">Bibliotecas: <a href=\"https:\/\/accedacris.ulpgc.es\/handle\/10553\/55897\" target=\"_blank\" rel=\"noopener\">AccedaCRIS-ULPGC.ES<\/a>.<\/span><\/li>\n<\/ul>\n<p><img loading=\"lazy\" decoding=\"async\" class=\"alignnone size-full wp-image-262 aligncenter\" src=\"https:\/\/www.sadalone.org\/2023\/wp-content\/uploads\/2023\/06\/vsantanasanjurjo_quijote-tuneado_2013.png\" alt=\"\" width=\"300\" height=\"447\" srcset=\"https:\/\/www.sadalone.org\/2023\/wp-content\/uploads\/2023\/06\/vsantanasanjurjo_quijote-tuneado_2013.png 300w, https:\/\/www.sadalone.org\/2023\/wp-content\/uploads\/2023\/06\/vsantanasanjurjo_quijote-tuneado_2013-201x300.png 201w\" sizes=\"auto, (max-width: 300px) 100vw, 300px\" \/><\/p>\n<hr style=\"background-color: #000000;\" \/>\n<p align=\"justify\"><span style=\"font-family: 'trebuchet ms', geneva, sans-serif; font-size: 16px;\">\u00ab[&#8230;] Supongo que he llegado a este\u00a0<i>Quijote (1605) tuneado<\/i>\u00a0porque era lo que, de alguna manera, me tocaba hacer. Durante muchos a\u00f1os he estado escribiendo y dando charlas en los centros educativos y en otros foros acad\u00e9micos sobre Cervantes y el\u00a0<i>Quijote<\/i>; pero nunca me hab\u00eda adentrado en el prop\u00f3sito de coger el texto cervantino y adaptarlo, prepararlo, disponerlo, para que los que han sido mis habituales receptores (los estudiantes) tengan una herramienta m\u00e1s que les permita acceder a la obra original. Al fin y al cabo, con el\u00a0<i>Quijote<\/i>\u00a0que nos ocupa procuro cumplir con la funci\u00f3n de todas las adaptaciones y las antolog\u00edas: acercar al lector a los textos principales; o sea, servir de mediador entre una composici\u00f3n aparentemente complicada y un tipo de lector que, de entrada, se considera que desconoce la obra principal por diversas circunstancias que no vienen al caso enumerar ahora. Quiz\u00e1s la pregunta que ahora toque hacerse ser\u00eda: \u00bfY por qu\u00e9 el\u00a0<i>Quijote<\/i>? La respuesta que suelo dar tiene que ver con cierta voluntad filantr\u00f3pica, pues defiendo que su lectura va a ser beneficiosa para el estudiante: por un lado, porque le entretendr\u00e1; por el otro, porque creo que es uno de esos monumentos universales que conviene atesorar en la valija cultural de cualquier ser humano; y, por \u00faltimo, porque facilita la formulaci\u00f3n de muchas preguntas y muchas conclusiones que, de una manera u otra, ayudan a configurar su cosmovisi\u00f3n [&#8230;]\u00bb.<\/span><\/p>\n<hr style=\"background-color: #000000;\" \/>\n<p><div><iframe loading=\"lazy\" class=\"embed-pdf-viewer\" src=\"https:\/\/www.sadalone.org\/2023\/biblioteca\/vsantanasanjurjo_Introduccion_El-Quijote-1605-tuneado.pdf\" height=\"938\" width=\"100%\" title=\"Vsantanasanjurjo Introduccion El Quijote 1605 Tuneado\"><\/iframe><\/p>\n<p><a href=\"https:\/\/www.sadalone.org\/2023\/biblioteca\/vsantanasanjurjo_Introduccion_El-Quijote-1605-tuneado.pdf\" title=\"Vsantanasanjurjo Introduccion El Quijote 1605 Tuneado\">Vsantanasanjurjo Introduccion El Quijote 1605 Tuneado<\/a><\/p>\n<\/div>\n","protected":false},"excerpt":{"rendered":"<p>El Quijote (1605) tuneado (adaptaci\u00f3n, introducci\u00f3n, complementos y actividades) Ilustraciones: Nuria Santana Sanjurjo Primera edici\u00f3n: marzo, 2013 ISBN: 978-84-15148-50-0 \/ Dep\u00f3sito Legal: GC 436-2013 Mercurio Editorial \/ Biblioteca de Cl\u00e1sicos [&hellip;]<\/p>\n","protected":false},"author":1,"featured_media":0,"parent":86,"menu_order":0,"comment_status":"closed","ping_status":"closed","template":"","meta":{"_crdt_document":"","footnotes":""},"class_list":["post-201","page","type-page","status-publish","hentry"],"jetpack_sharing_enabled":true,"_links":{"self":[{"href":"https:\/\/www.sadalone.org\/2023\/wp-json\/wp\/v2\/pages\/201","targetHints":{"allow":["GET"]}}],"collection":[{"href":"https:\/\/www.sadalone.org\/2023\/wp-json\/wp\/v2\/pages"}],"about":[{"href":"https:\/\/www.sadalone.org\/2023\/wp-json\/wp\/v2\/types\/page"}],"author":[{"embeddable":true,"href":"https:\/\/www.sadalone.org\/2023\/wp-json\/wp\/v2\/users\/1"}],"replies":[{"embeddable":true,"href":"https:\/\/www.sadalone.org\/2023\/wp-json\/wp\/v2\/comments?post=201"}],"version-history":[{"count":3,"href":"https:\/\/www.sadalone.org\/2023\/wp-json\/wp\/v2\/pages\/201\/revisions"}],"predecessor-version":[{"id":451,"href":"https:\/\/www.sadalone.org\/2023\/wp-json\/wp\/v2\/pages\/201\/revisions\/451"}],"up":[{"embeddable":true,"href":"https:\/\/www.sadalone.org\/2023\/wp-json\/wp\/v2\/pages\/86"}],"wp:attachment":[{"href":"https:\/\/www.sadalone.org\/2023\/wp-json\/wp\/v2\/media?parent=201"}],"curies":[{"name":"wp","href":"https:\/\/api.w.org\/{rel}","templated":true}]}}