{"id":203,"date":"2023-06-09T16:56:08","date_gmt":"2023-06-09T16:56:08","guid":{"rendered":"https:\/\/www.sadalone.org\/2023\/?page_id=203"},"modified":"2023-07-12T19:56:25","modified_gmt":"2023-07-12T19:56:25","slug":"el-principe-debe-reinar-y-otros-textos-politicos-2013","status":"publish","type":"page","link":"https:\/\/www.sadalone.org\/2023\/publicaciones\/el-principe-debe-reinar-y-otros-textos-politicos-2013\/","title":{"rendered":"El pr\u00edncipe debe reinar y otros textos pol\u00edticos (2013)"},"content":{"rendered":"<ul>\n<li><strong><span style=\"font-family: 'trebuchet ms', geneva, sans-serif; font-size: 16px;\">El pr\u00edncipe debe reinar y otros textos pol\u00edticos<\/span><\/strong><\/li>\n<li><span style=\"font-family: 'trebuchet ms', geneva, sans-serif; font-size: 16px;\">Ilustraciones: Nuria Santana Sanjurjo<\/span><\/li>\n<li><span style=\"font-family: 'trebuchet ms', geneva, sans-serif; font-size: 16px;\">Primera edici\u00f3n: septiembre, 2013<\/span><\/li>\n<li><span style=\"font-family: 'trebuchet ms', geneva, sans-serif; font-size: 16px;\">Mercurio Editorial \/ Biblioteca de Textos Sadal\u00f3nicos, n.\u00ba 1<\/span><\/li>\n<li><span style=\"font-family: 'trebuchet ms', geneva, sans-serif; font-size: 16px;\">ISBN: 978-84-96577-06-0 \/ Dep\u00f3sito Legal: GC 1309-2013<\/span><\/li>\n<\/ul>\n<p><img loading=\"lazy\" decoding=\"async\" class=\"alignnone size-full wp-image-263 aligncenter\" src=\"https:\/\/www.sadalone.org\/2023\/wp-content\/uploads\/2023\/06\/vsantanasanjurjo_El-principe-debe-reinar.png\" alt=\"\" width=\"300\" height=\"447\" srcset=\"https:\/\/www.sadalone.org\/2023\/wp-content\/uploads\/2023\/06\/vsantanasanjurjo_El-principe-debe-reinar.png 300w, https:\/\/www.sadalone.org\/2023\/wp-content\/uploads\/2023\/06\/vsantanasanjurjo_El-principe-debe-reinar-201x300.png 201w\" sizes=\"auto, (max-width: 300px) 100vw, 300px\" \/><\/p>\n","protected":false},"excerpt":{"rendered":"<p>El pr\u00edncipe debe reinar y otros textos pol\u00edticos Ilustraciones: Nuria Santana Sanjurjo Primera edici\u00f3n: septiembre, 2013 Mercurio Editorial \/ Biblioteca de Textos Sadal\u00f3nicos, n.\u00ba 1 ISBN: 978-84-96577-06-0 \/ Dep\u00f3sito Legal: [&hellip;]<\/p>\n","protected":false},"author":1,"featured_media":0,"parent":86,"menu_order":0,"comment_status":"closed","ping_status":"closed","template":"","meta":{"_crdt_document":"","footnotes":""},"class_list":["post-203","page","type-page","status-publish","hentry"],"jetpack_sharing_enabled":true,"_links":{"self":[{"href":"https:\/\/www.sadalone.org\/2023\/wp-json\/wp\/v2\/pages\/203","targetHints":{"allow":["GET"]}}],"collection":[{"href":"https:\/\/www.sadalone.org\/2023\/wp-json\/wp\/v2\/pages"}],"about":[{"href":"https:\/\/www.sadalone.org\/2023\/wp-json\/wp\/v2\/types\/page"}],"author":[{"embeddable":true,"href":"https:\/\/www.sadalone.org\/2023\/wp-json\/wp\/v2\/users\/1"}],"replies":[{"embeddable":true,"href":"https:\/\/www.sadalone.org\/2023\/wp-json\/wp\/v2\/comments?post=203"}],"version-history":[{"count":2,"href":"https:\/\/www.sadalone.org\/2023\/wp-json\/wp\/v2\/pages\/203\/revisions"}],"predecessor-version":[{"id":452,"href":"https:\/\/www.sadalone.org\/2023\/wp-json\/wp\/v2\/pages\/203\/revisions\/452"}],"up":[{"embeddable":true,"href":"https:\/\/www.sadalone.org\/2023\/wp-json\/wp\/v2\/pages\/86"}],"wp:attachment":[{"href":"https:\/\/www.sadalone.org\/2023\/wp-json\/wp\/v2\/media?parent=203"}],"curies":[{"name":"wp","href":"https:\/\/api.w.org\/{rel}","templated":true}]}}