{"id":215,"date":"2023-06-09T17:00:10","date_gmt":"2023-06-09T17:00:10","guid":{"rendered":"https:\/\/www.sadalone.org\/2023\/?page_id=215"},"modified":"2023-07-12T20:15:24","modified_gmt":"2023-07-12T20:15:24","slug":"analisis-paratextual-de-ninfas-y-pastores-de-henares-2008","status":"publish","type":"page","link":"https:\/\/www.sadalone.org\/2023\/publicaciones\/analisis-paratextual-de-ninfas-y-pastores-de-henares-2008\/","title":{"rendered":"An\u00e1lisis paratextual de &#8216;Ninfas y pastores de Henares&#8217; (2008)"},"content":{"rendered":"<ul>\n<li><strong><span style=\"font-family: 'trebuchet ms', geneva, sans-serif; font-size: 16px;\">An\u00e1lisis paratextual de Ninfas y pastores de Henares de Bernardo Gonz\u00e1lez de Bobadilla<\/span><\/strong><\/li>\n<li><span style=\"font-family: 'trebuchet ms', geneva, sans-serif; font-size: 16px;\">Primera edici\u00f3n: octubre, 2008<\/span><\/li>\n<li><span style=\"font-family: 'trebuchet ms', geneva, sans-serif; font-size: 16px;\">Anroart Ediciones<\/span><\/li>\n<li><span style=\"font-family: 'trebuchet ms', geneva, sans-serif; font-size: 16px;\">ISBN: 978-84-96887-95-4 \/ Dep\u00f3sito legal: GC 738-2008<\/span><\/li>\n<li><span style=\"font-family: 'trebuchet ms', geneva, sans-serif; font-size: 16px;\">Bibliotecas: <a href=\"https:\/\/accedacris.ulpgc.es\/handle\/10553\/56947\" target=\"_blank\" rel=\"noopener\">AccedaCRIS-ULPGC.ES<\/a>.<\/span><\/li>\n<\/ul>\n<p><img loading=\"lazy\" decoding=\"async\" class=\"alignnone size-full wp-image-249 aligncenter\" src=\"https:\/\/www.sadalone.org\/2023\/wp-content\/uploads\/2023\/06\/vsantanasanjurjo_analisis-paratextual.png\" alt=\"\" width=\"300\" height=\"447\" srcset=\"https:\/\/www.sadalone.org\/2023\/wp-content\/uploads\/2023\/06\/vsantanasanjurjo_analisis-paratextual.png 300w, https:\/\/www.sadalone.org\/2023\/wp-content\/uploads\/2023\/06\/vsantanasanjurjo_analisis-paratextual-201x300.png 201w\" sizes=\"auto, (max-width: 300px) 100vw, 300px\" \/><\/p>\n<hr style=\"background-color: #000000;\" \/>\n<p align=\"justify\"><span style=\"font-family: 'trebuchet ms', geneva, sans-serif; font-size: 16px;\">Este an\u00e1lisis, al margen del componente filol\u00f3gico que atesora y que diezma las posibilidades de ver el libro como un elemento de entretenimiento, es, ante todo, un deseo de quitar el polvo de aquellos libros que fueron compuestos en su momento y que por mil y un avatares han llegado hasta nuestros d\u00edas siendo unos aut\u00e9nticos desconocidos. \u00bfPor qu\u00e9 no intentar rescatarlos y comprobar qu\u00e9 nos quisieron decir? Quiz\u00e1s descubramos algo m\u00e1gico que ha pasado inadvertido durante todo este tiempo. Este libro nace, por un lado, de la incertidumbre de no saber qui\u00e9n fue realmente su autor ni por qu\u00e9 surgi\u00f3 el universo de unas Ninfas condenadas al fuego en el c\u00e9lebre escrutinio de la biblioteca de don Quijote. Pero al mismo tiempo que surg\u00eda la incertidumbre, hac\u00eda acto de presencia la certeza: que el libro fue escrito y publicado y que ello moviliz\u00f3 a una maquinaria empresarial cuyas huellas, presentes en el libro, han permitido descubrir datos de su autor y de las circunstancias de su obra que de otra manera hubiese sido absolutamente imposible obtener. Como se apunta en el pr\u00f3logo, quiz\u00e1s no interese tanto ofrecer \u201calgo\u201d concreto sobre Gonz\u00e1lez de Bobadilla y sus Ninfas, que tambi\u00e9n; sino mostrar, a trav\u00e9s de la praxis que representa este An\u00e1lisis paratextual, c\u00f3mo se puede quitar el polvo y las telara\u00f1as que oscurecen hasta hacer imperceptibles esas obras compuestas por aut\u00e9nticos desconocidos que llegan a nosotros de una manera intangible, abstracta, nebulosa, porque no se alcanzan casi nunca por v\u00eda directa, sino a trav\u00e9s de la intuici\u00f3n y de las sospechas. Son autores estos que nos cargan con m\u00e1s preguntas que respuestas. Pero han existido, han estado entre nosotros y nos han dejado lo \u00fanico que necesitamos para darles cuerpo: su obra, su escrito, ese texto que dormita y que s\u00f3lo hace acto de presencia en los cat\u00e1logos. \u00bfPor qu\u00e9 no buscarlos? \u00bfPor qu\u00e9 no desenterrarlos de los estantes e indagar c\u00f3mo lleg\u00f3 a su \u00e1nimo la composici\u00f3n del libro? \u00bfPor qu\u00e9 pudiendo no haberse escrito ni publicado el libro descubierto, este se escribi\u00f3, se public\u00f3 (con la correspondiente inversi\u00f3n de tiempo, trabajo y dineros) y tuvo la mala suerte de pasar desapercibido para la posteridad? De esto, al hilo de la novela pastoril que apunta el t\u00edtulo, va este manual.<\/span><\/p>\n<hr style=\"background-color: #000000;\" \/>\n<p><div><iframe loading=\"lazy\" class=\"embed-pdf-viewer\" src=\"https:\/\/www.sadalone.org\/2023\/biblioteca\/vsantanasanjurjo_analisis-paratextual-Ninfas-y-pastores-de-Henares.pdf\" height=\"938\" width=\"100%\" title=\"Vsantanasanjurjo Analisis Paratextual Ninfas Y Pastores De Henares\"><\/iframe><\/p>\n<p><a href=\"https:\/\/www.sadalone.org\/2023\/biblioteca\/vsantanasanjurjo_analisis-paratextual-Ninfas-y-pastores-de-Henares.pdf\" title=\"Vsantanasanjurjo Analisis Paratextual Ninfas Y Pastores De Henares\">Vsantanasanjurjo Analisis Paratextual Ninfas Y Pastores De Henares<\/a><\/p>\n<\/div>\n","protected":false},"excerpt":{"rendered":"<p>An\u00e1lisis paratextual de Ninfas y pastores de Henares de Bernardo Gonz\u00e1lez de Bobadilla Primera edici\u00f3n: octubre, 2008 Anroart Ediciones ISBN: 978-84-96887-95-4 \/ Dep\u00f3sito legal: GC 738-2008 Bibliotecas: AccedaCRIS-ULPGC.ES. Este an\u00e1lisis, [&hellip;]<\/p>\n","protected":false},"author":1,"featured_media":0,"parent":86,"menu_order":0,"comment_status":"closed","ping_status":"closed","template":"","meta":{"_crdt_document":"","footnotes":""},"class_list":["post-215","page","type-page","status-publish","hentry"],"jetpack_sharing_enabled":true,"_links":{"self":[{"href":"https:\/\/www.sadalone.org\/2023\/wp-json\/wp\/v2\/pages\/215","targetHints":{"allow":["GET"]}}],"collection":[{"href":"https:\/\/www.sadalone.org\/2023\/wp-json\/wp\/v2\/pages"}],"about":[{"href":"https:\/\/www.sadalone.org\/2023\/wp-json\/wp\/v2\/types\/page"}],"author":[{"embeddable":true,"href":"https:\/\/www.sadalone.org\/2023\/wp-json\/wp\/v2\/users\/1"}],"replies":[{"embeddable":true,"href":"https:\/\/www.sadalone.org\/2023\/wp-json\/wp\/v2\/comments?post=215"}],"version-history":[{"count":3,"href":"https:\/\/www.sadalone.org\/2023\/wp-json\/wp\/v2\/pages\/215\/revisions"}],"predecessor-version":[{"id":462,"href":"https:\/\/www.sadalone.org\/2023\/wp-json\/wp\/v2\/pages\/215\/revisions\/462"}],"up":[{"embeddable":true,"href":"https:\/\/www.sadalone.org\/2023\/wp-json\/wp\/v2\/pages\/86"}],"wp:attachment":[{"href":"https:\/\/www.sadalone.org\/2023\/wp-json\/wp\/v2\/media?parent=215"}],"curies":[{"name":"wp","href":"https:\/\/api.w.org\/{rel}","templated":true}]}}