{"id":217,"date":"2023-06-09T17:01:11","date_gmt":"2023-06-09T17:01:11","guid":{"rendered":"https:\/\/www.sadalone.org\/2023\/?page_id=217"},"modified":"2023-07-12T20:18:29","modified_gmt":"2023-07-12T20:18:29","slug":"cervantes-y-la-busqueda-de-la-esperada-luz-tras-las-tinieblas-la-segunda-parte-de-la-galatea-2008","status":"publish","type":"page","link":"https:\/\/www.sadalone.org\/2023\/publicaciones\/cervantes-y-la-busqueda-de-la-esperada-luz-tras-las-tinieblas-la-segunda-parte-de-la-galatea-2008\/","title":{"rendered":"Cervantes y la b\u00fasqueda de la esperada luz tras las tinieblas. La segunda parte de &#8216;La Galatea&#8217; (2008)"},"content":{"rendered":"<ul>\n<li><strong>Cervantes y la b\u00fasqueda de la esperada luz tras las tinieblas. La segunda parte de <em>La Galatea<\/em><\/strong><\/li>\n<li>Primera edici\u00f3n: abril, 2008<\/li>\n<li>Anroart Ediciones<\/li>\n<li>ISBN: 978-84-96887-67-1 \/ Dep\u00f3sito Legal: GC 132-2008<\/li>\n<li>Bibliotecas: <a href=\"https:\/\/accedacris.ulpgc.es\/handle\/10553\/55132\" target=\"_blank\" rel=\"noopener\">AccedaCRIS-ULPGC.ES<\/a>.<\/li>\n<\/ul>\n<p><img loading=\"lazy\" decoding=\"async\" class=\"alignnone size-full wp-image-250 aligncenter\" src=\"https:\/\/www.sadalone.org\/2023\/wp-content\/uploads\/2023\/06\/vsantanasanjurjo_Cervantes-busqueda-luz.png\" alt=\"\" width=\"300\" height=\"447\" srcset=\"https:\/\/www.sadalone.org\/2023\/wp-content\/uploads\/2023\/06\/vsantanasanjurjo_Cervantes-busqueda-luz.png 300w, https:\/\/www.sadalone.org\/2023\/wp-content\/uploads\/2023\/06\/vsantanasanjurjo_Cervantes-busqueda-luz-201x300.png 201w\" sizes=\"auto, (max-width: 300px) 100vw, 300px\" \/><\/p>\n<hr style=\"background-color: #000000;\" \/>\n<p align=\"justify\"><span style=\"font-family: 'trebuchet ms', geneva, sans-serif; font-size: 16px;\">Veinte a\u00f1os separan la primera novela de Cervantes (<em>La Galatea<\/em>) de la primera parte del <em>Quijote<\/em> (1605); ochos a\u00f1os, la inmortal historia de Alonso Quijano y el siguiente t\u00edtulo: Novelas ejemplares (1613). En los \u00faltimos tres a\u00f1os de vida, nuestro autor concentr\u00f3 el 71% de su producci\u00f3n editorial. \u00bfPor qu\u00e9? \u00bfPor qu\u00e9 veinte a\u00f1os entre la reconocida como pr\u00ednceps y la joya que narra las andanzas del hidalgo manchego? \u00bfC\u00f3mo se llega al <em>Quijote<\/em>? \u00bfPor qu\u00e9 casi todo queda concentrado hacia el final de su existencia (1613-1616)? En este trabajo se buscan algunas posibles respuestas a estas preguntas y otras similares revisando la vida del alcala\u00edno y sus singulares incursiones literarias que, a nuestro juicio, siempre estuvieron supeditadas a otras preferencias laborales (militares, en una etapa; administrativas, en otra). Cervantes lleg\u00f3 al lugar que la historia cultural occidental le ha reconocido atravesando un camino cuyo final, en el fondo, no deb\u00eda ser el que fue. \u00bfEs posible que ah\u00ed, en ese recorrido tan particular, pueda hallarse alguna de las claves de su genialidad? Trataremos de responder tambi\u00e9n con este trabajo a esta pregunta.<\/span><\/p>\n<hr style=\"background-color: #000000;\" \/>\n<p><div><iframe loading=\"lazy\" class=\"embed-pdf-viewer\" src=\"https:\/\/www.sadalone.org\/2023\/biblioteca\/vsantanasanjurjo_Cervantes-segunda-parte-de-La-Galatea.pdf\" height=\"938\" width=\"100%\" title=\"Vsantanasanjurjo Cervantes Segunda Parte De La Galatea\"><\/iframe><\/p>\n<p><a href=\"https:\/\/www.sadalone.org\/2023\/biblioteca\/vsantanasanjurjo_Cervantes-segunda-parte-de-La-Galatea.pdf\" title=\"Vsantanasanjurjo Cervantes Segunda Parte De La Galatea\">Vsantanasanjurjo Cervantes Segunda Parte De La Galatea<\/a><\/p>\n<\/div>\n","protected":false},"excerpt":{"rendered":"<p>Cervantes y la b\u00fasqueda de la esperada luz tras las tinieblas. La segunda parte de La Galatea Primera edici\u00f3n: abril, 2008 Anroart Ediciones ISBN: 978-84-96887-67-1 \/ Dep\u00f3sito Legal: GC 132-2008 [&hellip;]<\/p>\n","protected":false},"author":1,"featured_media":0,"parent":86,"menu_order":0,"comment_status":"closed","ping_status":"closed","template":"","meta":{"_crdt_document":"","footnotes":""},"class_list":["post-217","page","type-page","status-publish","hentry"],"jetpack_sharing_enabled":true,"_links":{"self":[{"href":"https:\/\/www.sadalone.org\/2023\/wp-json\/wp\/v2\/pages\/217","targetHints":{"allow":["GET"]}}],"collection":[{"href":"https:\/\/www.sadalone.org\/2023\/wp-json\/wp\/v2\/pages"}],"about":[{"href":"https:\/\/www.sadalone.org\/2023\/wp-json\/wp\/v2\/types\/page"}],"author":[{"embeddable":true,"href":"https:\/\/www.sadalone.org\/2023\/wp-json\/wp\/v2\/users\/1"}],"replies":[{"embeddable":true,"href":"https:\/\/www.sadalone.org\/2023\/wp-json\/wp\/v2\/comments?post=217"}],"version-history":[{"count":3,"href":"https:\/\/www.sadalone.org\/2023\/wp-json\/wp\/v2\/pages\/217\/revisions"}],"predecessor-version":[{"id":464,"href":"https:\/\/www.sadalone.org\/2023\/wp-json\/wp\/v2\/pages\/217\/revisions\/464"}],"up":[{"embeddable":true,"href":"https:\/\/www.sadalone.org\/2023\/wp-json\/wp\/v2\/pages\/86"}],"wp:attachment":[{"href":"https:\/\/www.sadalone.org\/2023\/wp-json\/wp\/v2\/media?parent=217"}],"curies":[{"name":"wp","href":"https:\/\/api.w.org\/{rel}","templated":true}]}}