{"id":9,"date":"2023-06-04T17:39:14","date_gmt":"2023-06-04T17:39:14","guid":{"rendered":"https:\/\/www.sadalone.org\/2023\/?page_id=9"},"modified":"2025-05-20T15:18:16","modified_gmt":"2025-05-20T15:18:16","slug":"spero-lvcem-post-tenebras","status":"publish","type":"page","link":"https:\/\/www.sadalone.org\/2023\/","title":{"rendered":""},"content":{"rendered":"\n<p class=\"has-text-color has-medium-font-size wp-block-paragraph\" style=\"color:#000000\"><strong>A-PATRI-DA<\/strong>. BLOG DE PATRICIA FRANZ SANTANA<\/p>\n\n\n<ul class=\"has-dates wp-block-rss\"><li class='wp-block-rss__item'><div class='wp-block-rss__item-title'><a href='https:\/\/www.a-patri-da.es\/uncategorized\/pedir-peras-al-olmo\/'>Pedir peras al olmo<\/a><\/div><time datetime=\"2025-11-01T18:45:21+00:00\" class=\"wp-block-rss__item-publish-date\">1 de noviembre de 2025<\/time> <\/li><li class='wp-block-rss__item'><div class='wp-block-rss__item-title'><a href='https:\/\/www.a-patri-da.es\/crochet-y-punto\/cardigan-cometa\/'>Cardigan Cometa<\/a><\/div><time datetime=\"2025-10-19T18:46:58+00:00\" class=\"wp-block-rss__item-publish-date\">19 de octubre de 2025<\/time> <\/li><li class='wp-block-rss__item'><div class='wp-block-rss__item-title'><a href='https:\/\/www.a-patri-da.es\/uncategorized\/landeroterapia\/'>Landeroterapia<\/a><\/div><time datetime=\"2025-04-26T19:06:29+00:00\" class=\"wp-block-rss__item-publish-date\">26 de abril de 2025<\/time> <\/li><\/ul>\n\n\n<hr class=\"wp-block-separator has-text-color has-dark-gray-color has-alpha-channel-opacity has-dark-gray-background-color has-background is-style-wide\" style=\"margin-top:var(--wp--preset--spacing--50);margin-bottom:var(--wp--preset--spacing--50)\"\/>\n\n\n\n<p class=\"has-text-color has-medium-font-size wp-block-paragraph\" style=\"color:#000000\"><strong>SOLTADAS<\/strong>. BLOG FUNDADO EL 10 DE ABRIL DE 2020<\/p>\n\n\n<ul class=\"has-dates has-excerpts wp-block-rss\"><li class='wp-block-rss__item'><div class='wp-block-rss__item-title'><a href='https:\/\/soltadas.sadalone.org\/articulos\/letras-canarias-letras-premiadas\/'>Letras canarias, \u00bfletras premiadas?<\/a><\/div><time datetime=\"2026-02-21T08:00:32+00:00\" class=\"wp-block-rss__item-publish-date\">21 de febrero de 2026<\/time> <div class=\"wp-block-rss__item-excerpt\">Con respeto, por supuesto; siempre con respeto. Como tiene que ser. Como no puede dejar de ser. Y con firmeza, claro. No le quepa la menor duda. Si pudiera, si se diera la ocasi\u00f3n, si tuviera la oportunidad, se lo dir\u00eda con firmeza. Con firmeza y con respeto, faltar\u00eda m\u00e1s. \u00abSe\u00f1or Presidente, creo que deber\u00eda [\u2026]<\/div><\/li><li class='wp-block-rss__item'><div class='wp-block-rss__item-title'><a href='https:\/\/soltadas.sadalone.org\/otros-textos\/un-enigma-llamado-hilda-zudan\/'>Un enigma llamado Hilda Zud\u00e1n<\/a><\/div><time datetime=\"2026-02-08T20:52:51+00:00\" class=\"wp-block-rss__item-publish-date\">8 de febrero de 2026<\/time> <div class=\"wp-block-rss__item-excerpt\">11 de febrero de 2o26. 10 horas. CEIP HILDA ZUD\u00c1N UN ENIGMA LLAMADO HILDA ZUD\u00c1N (versi\u00f3n PowerPoint)<\/div><\/li><li class='wp-block-rss__item'><div class='wp-block-rss__item-title'><a href='https:\/\/soltadas.sadalone.org\/articulos\/a-modo-de-diario-alrededor-de-el-ultilogo\/'>A modo de diario: alrededor de \u00abEl Ult\u00edlogo\u00bb\u2026<\/a><\/div><time datetime=\"2026-02-03T06:55:42+00:00\" class=\"wp-block-rss__item-publish-date\">3 de febrero de 2026<\/time> <div class=\"wp-block-rss__item-excerpt\">A Pepa Molina, a Jes\u00fas Quesada, con sincera gratitud y afecto. Me atrever\u00eda a afirmar que fue el 20 de diciembre cuando Pepa Molina, delante de nuestro apreciado Jorge A. Liria, me invit\u00f3 a participar en su admirable iniciativa de divulgaci\u00f3n literaria El Ult\u00edlogo, que se lleva a cabo el \u00faltimo jueves de cada mes [\u2026]<\/div><\/li><li class='wp-block-rss__item'><div class='wp-block-rss__item-title'><a href='https:\/\/soltadas.sadalone.org\/anuncios-y-eventos\/no-sera-con-52\/'>No ser\u00e1 con 52\u2026<\/a><\/div><time datetime=\"2026-02-01T06:54:37+00:00\" class=\"wp-block-rss__item-publish-date\">1 de febrero de 2026<\/time> <div class=\"wp-block-rss__item-excerpt\">Despu\u00e9s del tr\u00e1nsito de ayer (31 de enero de 2026), acaecido a las 11 horas, queda definitivamente confirmada la falta de rigor cient\u00edfico y diligencia administrativa de quien llegue a sostener, sea por el medio que sea, cuando sea, donde sea y ante quienes sean, que fallec\u00ed con 52 a\u00f1os. Como m\u00ednimo, si se diera [\u2026]<\/div><\/li><li class='wp-block-rss__item'><div class='wp-block-rss__item-title'><a href='https:\/\/soltadas.sadalone.org\/otros-textos\/a-pesar-de\/'>A pesar de\u2026<\/a><\/div><time datetime=\"2026-01-30T06:09:54+00:00\" class=\"wp-block-rss__item-publish-date\">30 de enero de 2026<\/time> <div class=\"wp-block-rss__item-excerpt\">Insisto: \u00a1Existo! Soy la paz. 30 de enero, D\u00eda Escolar de la No-violencia y la Paz.<\/div><\/li><li class='wp-block-rss__item'><div class='wp-block-rss__item-title'><a href='https:\/\/soltadas.sadalone.org\/anuncios-y-eventos\/no-sera-en-2025\/'>No ser\u00e1 en 2025\u2026<\/a><\/div><time datetime=\"2026-01-01T00:01:03+00:00\" class=\"wp-block-rss__item-publish-date\">1 de enero de 2026<\/time> <div class=\"wp-block-rss__item-excerpt\">En la rec\u00e1mara no hab\u00eda cartucho alguno. Demostrado. A las pruebas me remito: acabo de escribir esto, t\u00fa lo verificas. La fortuna se ali\u00f3, diremos. Hace un a\u00f1o, giramos el cilindro. Como siempre. Una, dos pasadas. Como la ruleta. Y apretamos el gatillo. Es el instinto. En eso consiste vivir. Sobrevivir es el silencio que [\u2026]<\/div><\/li><\/ul>\n\n\n<hr class=\"wp-block-separator has-text-color has-dark-gray-color has-alpha-channel-opacity has-dark-gray-background-color has-background is-style-wide\" style=\"margin-top:var(--wp--preset--spacing--50);margin-bottom:var(--wp--preset--spacing--50)\"\/>\n\n\n\n<figure class=\"wp-block-embed is-type-video is-provider-youtube wp-block-embed-youtube wp-embed-aspect-4-3 wp-has-aspect-ratio\"><div class=\"wp-block-embed__wrapper\">\n<iframe loading=\"lazy\" title=\"Sic Transit Gloria Mundi\" width=\"625\" height=\"469\" src=\"https:\/\/www.youtube.com\/embed\/mhggyOOtdNA?feature=oembed\" frameborder=\"0\" allow=\"accelerometer; autoplay; clipboard-write; encrypted-media; gyroscope; picture-in-picture; web-share\" referrerpolicy=\"strict-origin-when-cross-origin\" allowfullscreen><\/iframe>\n<\/div><figcaption class=\"wp-element-caption\"><strong>SIC TRANSIT GLORIA MUNDI<\/strong><\/figcaption><\/figure>\n\n\n\n<figure class=\"wp-block-image size-full\"><a href=\"https:\/\/www.youtube.com\/@FreddieMercury\/featured\" target=\"_blank\" rel=\"noreferrer noopener\"><img loading=\"lazy\" decoding=\"async\" width=\"655\" height=\"637\" src=\"https:\/\/www.sadalone.org\/2023\/wp-content\/uploads\/2023\/06\/freddiemercury_sadalonico_.png\" alt=\"\" class=\"wp-image-234\" srcset=\"https:\/\/www.sadalone.org\/2023\/wp-content\/uploads\/2023\/06\/freddiemercury_sadalonico_.png 655w, https:\/\/www.sadalone.org\/2023\/wp-content\/uploads\/2023\/06\/freddiemercury_sadalonico_-300x292.png 300w, https:\/\/www.sadalone.org\/2023\/wp-content\/uploads\/2023\/06\/freddiemercury_sadalonico_-624x607.png 624w\" sizes=\"auto, (max-width: 655px) 100vw, 655px\" \/><\/a><\/figure>\n","protected":false},"excerpt":{"rendered":"<p>A-PATRI-DA. BLOG DE PATRICIA FRANZ SANTANA SOLTADAS. BLOG FUNDADO EL 10 DE ABRIL DE 2020<\/p>\n","protected":false},"author":1,"featured_media":0,"parent":0,"menu_order":0,"comment_status":"closed","ping_status":"closed","template":"","meta":{"_crdt_document":"","footnotes":""},"class_list":["post-9","page","type-page","status-publish","hentry"],"jetpack_sharing_enabled":true,"_links":{"self":[{"href":"https:\/\/www.sadalone.org\/2023\/wp-json\/wp\/v2\/pages\/9","targetHints":{"allow":["GET"]}}],"collection":[{"href":"https:\/\/www.sadalone.org\/2023\/wp-json\/wp\/v2\/pages"}],"about":[{"href":"https:\/\/www.sadalone.org\/2023\/wp-json\/wp\/v2\/types\/page"}],"author":[{"embeddable":true,"href":"https:\/\/www.sadalone.org\/2023\/wp-json\/wp\/v2\/users\/1"}],"replies":[{"embeddable":true,"href":"https:\/\/www.sadalone.org\/2023\/wp-json\/wp\/v2\/comments?post=9"}],"version-history":[{"count":24,"href":"https:\/\/www.sadalone.org\/2023\/wp-json\/wp\/v2\/pages\/9\/revisions"}],"predecessor-version":[{"id":718,"href":"https:\/\/www.sadalone.org\/2023\/wp-json\/wp\/v2\/pages\/9\/revisions\/718"}],"wp:attachment":[{"href":"https:\/\/www.sadalone.org\/2023\/wp-json\/wp\/v2\/media?parent=9"}],"curies":[{"name":"wp","href":"https:\/\/api.w.org\/{rel}","templated":true}]}}